{"id":10,"date":"2020-09-09T02:03:16","date_gmt":"2020-09-08T23:03:16","guid":{"rendered":"https:\/\/www.ozkanoglu.com.tr\/blog\/?page_id=10"},"modified":"2020-09-09T02:05:25","modified_gmt":"2020-09-08T23:05:25","slug":"bize-ulasin","status":"publish","type":"page","link":"https:\/\/www.ozkanoglu.com.tr\/blog\/bize-ulasin\/","title":{"rendered":"Bize ula\u015f\u0131n"},"content":{"rendered":"\n<p>Bu, adres ve telefon numaras\u0131 gibi temel ileti\u015fim bilgilerinin oldu\u011fu bir sayfad\u0131r. Ayr\u0131ca bir ileti\u015fim formu eklemek i\u00e7in bir eklenti de deneyebilirsiniz.<\/p>\n","protected":false},"excerpt":{"rendered":"<p>Bu, adres ve telefon numaras\u0131 gibi temel ileti\u015fim bilgilerinin oldu\u011fu bir sayfad\u0131r. Ayr\u0131ca bir ileti\u015fim formu eklemek i\u00e7in bir eklenti de deneyebilirsiniz.<\/p>\n","protected":false},"author":1,"featured_media":14,"parent":0,"menu_order":0,"comment_status":"closed","ping_status":"closed","template":"","meta":[],"yoast_head":"<!-- This site is optimized with the Yoast SEO plugin v15.3 - https:\/\/yoast.com\/wordpress\/plugins\/seo\/ -->\n<title>Bize ula\u015f\u0131n - ozkanoglu.com.tr - Blog<\/title>\n<meta name=\"robots\" content=\"index, follow, max-snippet:-1, max-image-preview:large, max-video-preview:-1\" \/>\n<link rel=\"canonical\" href=\"https:\/\/www.ozkanoglu.com.tr\/blog\/bize-ulasin\/\" \/>\n<meta property=\"og:locale\" content=\"tr_TR\" \/>\n<meta property=\"og:type\" content=\"article\" \/>\n<meta property=\"og:title\" content=\"Bize ula\u015f\u0131n - ozkanoglu.com.tr - Blog\" \/>\n<meta property=\"og:url\" content=\"https:\/\/www.ozkanoglu.com.tr\/blog\/bize-ulasin\/\" \/>\n<meta property=\"og:site_name\" content=\"ozkanoglu.com.tr - Blog\" \/>\n<meta property=\"article:modified_time\" content=\"2020-09-08T23:05:25+00:00\" \/>\n<meta property=\"og:image\" content=\"https:\/\/www.ozkanoglu.com.tr\/blog\/wp-content\/uploads\/2020\/09\/20190821023500_5d5d2c642bff6.png\" \/>\n\t<meta property=\"og:image:width\" content=\"1920\" \/>\n\t<meta property=\"og:image:height\" content=\"898\" \/>\n<meta name=\"twitter:card\" content=\"summary_large_image\" \/>\n<meta name=\"twitter:label1\" content=\"Written by\">\n\t<meta name=\"twitter:data1\" content=\"ozkanoglu\">\n\t<meta name=\"twitter:label2\" content=\"Tahmini okuma s\u00fcresi\">\n\t<meta name=\"twitter:data2\" content=\"0 dakika\">\n<script type=\"application\/ld+json\" class=\"yoast-schema-graph\">{\"@context\":\"https:\/\/schema.org\",\"@graph\":[{\"@type\":\"WebSite\",\"@id\":\"https:\/\/www.ozkanoglu.com.tr\/blog\/#website\",\"url\":\"https:\/\/www.ozkanoglu.com.tr\/blog\/\",\"name\":\"ozkanoglu.com.tr - Blog\",\"description\":\"\",\"potentialAction\":[{\"@type\":\"SearchAction\",\"target\":\"https:\/\/www.ozkanoglu.com.tr\/blog\/?s={search_term_string}\",\"query-input\":\"required name=search_term_string\"}],\"inLanguage\":\"tr\"},{\"@type\":\"ImageObject\",\"@id\":\"https:\/\/www.ozkanoglu.com.tr\/blog\/bize-ulasin\/#primaryimage\",\"inLanguage\":\"tr\",\"url\":\"https:\/\/www.ozkanoglu.com.tr\/blog\/wp-content\/uploads\/2020\/09\/20190821023500_5d5d2c642bff6.png\",\"width\":1920,\"height\":898},{\"@type\":\"WebPage\",\"@id\":\"https:\/\/www.ozkanoglu.com.tr\/blog\/bize-ulasin\/#webpage\",\"url\":\"https:\/\/www.ozkanoglu.com.tr\/blog\/bize-ulasin\/\",\"name\":\"Bize ula\\u015f\\u0131n - ozkanoglu.com.tr - Blog\",\"isPartOf\":{\"@id\":\"https:\/\/www.ozkanoglu.com.tr\/blog\/#website\"},\"primaryImageOfPage\":{\"@id\":\"https:\/\/www.ozkanoglu.com.tr\/blog\/bize-ulasin\/#primaryimage\"},\"datePublished\":\"2020-09-08T23:03:16+00:00\",\"dateModified\":\"2020-09-08T23:05:25+00:00\",\"inLanguage\":\"tr\",\"potentialAction\":[{\"@type\":\"ReadAction\",\"target\":[\"https:\/\/www.ozkanoglu.com.tr\/blog\/bize-ulasin\/\"]}]}]}<\/script>\n<!-- \/ Yoast SEO plugin. -->","_links":{"self":[{"href":"https:\/\/www.ozkanoglu.com.tr\/blog\/wp-json\/wp\/v2\/pages\/10"}],"collection":[{"href":"https:\/\/www.ozkanoglu.com.tr\/blog\/wp-json\/wp\/v2\/pages"}],"about":[{"href":"https:\/\/www.ozkanoglu.com.tr\/blog\/wp-json\/wp\/v2\/types\/page"}],"author":[{"embeddable":true,"href":"https:\/\/www.ozkanoglu.com.tr\/blog\/wp-json\/wp\/v2\/users\/1"}],"replies":[{"embeddable":true,"href":"https:\/\/www.ozkanoglu.com.tr\/blog\/wp-json\/wp\/v2\/comments?post=10"}],"version-history":[{"count":1,"href":"https:\/\/www.ozkanoglu.com.tr\/blog\/wp-json\/wp\/v2\/pages\/10\/revisions"}],"predecessor-version":[{"id":20,"href":"https:\/\/www.ozkanoglu.com.tr\/blog\/wp-json\/wp\/v2\/pages\/10\/revisions\/20"}],"wp:featuredmedia":[{"embeddable":true,"href":"https:\/\/www.ozkanoglu.com.tr\/blog\/wp-json\/wp\/v2\/media\/14"}],"wp:attachment":[{"href":"https:\/\/www.ozkanoglu.com.tr\/blog\/wp-json\/wp\/v2\/media?parent=10"}],"curies":[{"name":"wp","href":"https:\/\/api.w.org\/{rel}","templated":true}]}}