{"id":8,"date":"2020-09-09T02:03:16","date_gmt":"2020-09-08T23:03:16","guid":{"rendered":"https:\/\/www.ozkanoglu.com.tr\/blog\/?page_id=8"},"modified":"2020-09-09T13:55:49","modified_gmt":"2020-09-09T10:55:49","slug":"ana-sayfa","status":"publish","type":"page","link":"https:\/\/www.ozkanoglu.com.tr\/blog\/ana-sayfa\/","title":{"rendered":"Ana sayfa"},"content":{"rendered":"\n<p>Sitenize ho\u015f geldiniz! Bu sizin ana sayfan\u0131z, ki ziyaret\u00e7ilerinizin \u00e7o\u011fu sitenize geldi\u011finde ilk olarak bu sayfay\u0131 g\u00f6r\u00fcnt\u00fclerler.<\/p>\n\n\n\n<div class=\"wp-block-cover alignwide has-background-dim is-position-center-center\" style=\"background-image:url(https:\/\/www.ozkanoglu.com.tr\/blog\/wp-content\/uploads\/2020\/09\/rehau5.png);min-height:375px\"><div class=\"wp-block-cover__inner-container\">\n<p class=\"has-text-align-center has-text-color\" style=\"line-height:1.1;font-size:74px;color:#fffffa\"><\/p>\n<\/div><\/div>\n","protected":false},"excerpt":{"rendered":"<p>Sitenize ho\u015f geldiniz! Bu sizin ana sayfan\u0131z, ki ziyaret\u00e7ilerinizin \u00e7o\u011fu sitenize geldi\u011finde ilk olarak bu sayfay\u0131 g\u00f6r\u00fcnt\u00fclerler.<\/p>\n","protected":false},"author":1,"featured_media":0,"parent":0,"menu_order":0,"comment_status":"closed","ping_status":"closed","template":"","meta":[],"yoast_head":"<!-- This site is optimized with the Yoast SEO plugin v15.3 - https:\/\/yoast.com\/wordpress\/plugins\/seo\/ -->\n<title>Ana sayfa - ozkanoglu.com.tr - Blog<\/title>\n<meta name=\"robots\" content=\"index, follow, max-snippet:-1, max-image-preview:large, max-video-preview:-1\" \/>\n<link rel=\"canonical\" href=\"https:\/\/www.ozkanoglu.com.tr\/blog\/ana-sayfa\/\" \/>\n<meta property=\"og:locale\" content=\"tr_TR\" \/>\n<meta property=\"og:type\" content=\"article\" \/>\n<meta property=\"og:title\" content=\"Ana sayfa - ozkanoglu.com.tr - Blog\" \/>\n<meta property=\"og:url\" content=\"https:\/\/www.ozkanoglu.com.tr\/blog\/ana-sayfa\/\" \/>\n<meta property=\"og:site_name\" content=\"ozkanoglu.com.tr - Blog\" \/>\n<meta property=\"article:modified_time\" content=\"2020-09-09T10:55:49+00:00\" \/>\n<meta name=\"twitter:card\" content=\"summary_large_image\" \/>\n<meta name=\"twitter:label1\" content=\"Written by\">\n\t<meta name=\"twitter:data1\" content=\"ozkanoglu\">\n\t<meta name=\"twitter:label2\" content=\"Tahmini okuma s\u00fcresi\">\n\t<meta name=\"twitter:data2\" content=\"0 dakika\">\n<script type=\"application\/ld+json\" class=\"yoast-schema-graph\">{\"@context\":\"https:\/\/schema.org\",\"@graph\":[{\"@type\":\"WebSite\",\"@id\":\"https:\/\/www.ozkanoglu.com.tr\/blog\/#website\",\"url\":\"https:\/\/www.ozkanoglu.com.tr\/blog\/\",\"name\":\"ozkanoglu.com.tr - Blog\",\"description\":\"\",\"potentialAction\":[{\"@type\":\"SearchAction\",\"target\":\"https:\/\/www.ozkanoglu.com.tr\/blog\/?s={search_term_string}\",\"query-input\":\"required name=search_term_string\"}],\"inLanguage\":\"tr\"},{\"@type\":\"WebPage\",\"@id\":\"https:\/\/www.ozkanoglu.com.tr\/blog\/ana-sayfa\/#webpage\",\"url\":\"https:\/\/www.ozkanoglu.com.tr\/blog\/ana-sayfa\/\",\"name\":\"Ana sayfa - ozkanoglu.com.tr - Blog\",\"isPartOf\":{\"@id\":\"https:\/\/www.ozkanoglu.com.tr\/blog\/#website\"},\"datePublished\":\"2020-09-08T23:03:16+00:00\",\"dateModified\":\"2020-09-09T10:55:49+00:00\",\"inLanguage\":\"tr\",\"potentialAction\":[{\"@type\":\"ReadAction\",\"target\":[\"https:\/\/www.ozkanoglu.com.tr\/blog\/ana-sayfa\/\"]}]}]}<\/script>\n<!-- \/ Yoast SEO plugin. -->","_links":{"self":[{"href":"https:\/\/www.ozkanoglu.com.tr\/blog\/wp-json\/wp\/v2\/pages\/8"}],"collection":[{"href":"https:\/\/www.ozkanoglu.com.tr\/blog\/wp-json\/wp\/v2\/pages"}],"about":[{"href":"https:\/\/www.ozkanoglu.com.tr\/blog\/wp-json\/wp\/v2\/types\/page"}],"author":[{"embeddable":true,"href":"https:\/\/www.ozkanoglu.com.tr\/blog\/wp-json\/wp\/v2\/users\/1"}],"replies":[{"embeddable":true,"href":"https:\/\/www.ozkanoglu.com.tr\/blog\/wp-json\/wp\/v2\/comments?post=8"}],"version-history":[{"count":4,"href":"https:\/\/www.ozkanoglu.com.tr\/blog\/wp-json\/wp\/v2\/pages\/8\/revisions"}],"predecessor-version":[{"id":52,"href":"https:\/\/www.ozkanoglu.com.tr\/blog\/wp-json\/wp\/v2\/pages\/8\/revisions\/52"}],"wp:attachment":[{"href":"https:\/\/www.ozkanoglu.com.tr\/blog\/wp-json\/wp\/v2\/media?parent=8"}],"curies":[{"name":"wp","href":"https:\/\/api.w.org\/{rel}","templated":true}]}}